{"id":44,"date":"2019-01-09T13:26:29","date_gmt":"2019-01-09T12:26:29","guid":{"rendered":"https:\/\/psfmaster.unipv.it\/?page_id=44"},"modified":"2026-01-27T10:48:41","modified_gmt":"2026-01-27T09:48:41","slug":"area-download","status":"publish","type":"page","link":"https:\/\/psfmaster.unipv.it\/index.php\/area-download\/","title":{"rendered":"Area download"},"content":{"rendered":"\n<h3 class=\"wp-block-heading\">KIRO<\/h3>\n\n\n\n<p>KIRO \u00e8 un ambiente digitale dedicato a tutta la comunit\u00e0 accademica pavese dove vengono condivisi i materiali didattici, gestite le comunicazione e altre attivit\u00e0 a supporto della didattica.<br><a href=\"https:\/\/elearning-excu.unipv.it\/login\/index.php\" target=\"_blank\" rel=\"noreferrer noopener\">Collegamento PSF Master<\/a><\/p>\n\n\n\n<h3 class=\"wp-block-heading\">Modulistica per stage<\/h3>\n\n\n\n<p><strong>Ripartenza dei tirocini esterni all\u2019Ateneo<br><\/strong><a href=\"http:\/\/scienzedelfarmaco.unipv.it\/wp-content\/uploads\/2020\/06\/linee-guida-15-giugno-3.docx\">Linee guida<\/a><br><a href=\"https:\/\/psfmaster.unipv.it\/wp-content\/uploads\/2020\/09\/nuovo-addendum-prrogetto-formativo.docx\">Addendum progetto formativo master (COVID-19)<\/a><\/p>\n\n\n\n<p><a rel=\"noreferrer noopener\" href=\"https:\/\/psfmaster.unipv.it\/wp-content\/uploads\/2023\/02\/Progetto_Formativo_Tirocinio-ITA.pdf\" target=\"_blank\">Modulo progetto formativo&nbsp;(ITA)<\/a> <br><a rel=\"noreferrer noopener\" href=\"https:\/\/psfmaster.unipv.it\/wp-content\/uploads\/2023\/02\/Progetto_Formativo_Tirocinio_ENG.pdf\" target=\"_blank\">Modulo&nbsp;progetto&nbsp;formativo&nbsp;(ENG)<\/a> <br><a rel=\"noreferrer noopener\" href=\"https:\/\/psfmaster.unipv.it\/wp-content\/uploads\/2019\/01\/Presenze.pdf\" target=\"_blank\">Registro presenze<\/a>  <br><a rel=\"noreferrer noopener\" href=\"https:\/\/psfmaster.unipv.it\/wp-content\/uploads\/2019\/01\/Relazione.pdf\" target=\"_blank\">Fac-simile relazione finale<\/a>     <br><\/p>\n\n\n\n<h3 class=\"wp-block-heading\">Modulistica per esame finale<\/h3>\n\n\n\n<p><a rel=\"noreferrer noopener\" href=\"https:\/\/psfmaster.unipv.it\/wp-content\/uploads\/2025\/12\/istruzioni-nuovo-diploma-2025.pdf\" target=\"_blank\">Istruzioni per la domanda online di ammissione all&#8217;esame finale e caricamento tesi<\/a><br><a href=\"https:\/\/psfmaster.unipv.it\/wp-content\/uploads\/2026\/01\/Adempimenti-Diploma-2025.pdf\" target=\"_blank\" rel=\"noreferrer noopener\">Adempimenti diploma <\/a><br><a rel=\"noreferrer noopener\" href=\"https:\/\/psfmaster.unipv.it\/wp-content\/uploads\/2019\/01\/DOMANDA-DI-TESI.pdf\" target=\"_blank\">Domanda tesi<\/a> <br><a rel=\"noreferrer noopener\" href=\"https:\/\/psfmaster.unipv.it\/wp-content\/uploads\/2022\/12\/Istruzioni-rilegatura-tesi-di-master.pdf\" target=\"_blank\">Istruzioni rilegatura tesi di master<\/a> <br><a href=\"https:\/\/psfmaster.unipv.it\/wp-content\/uploads\/2022\/12\/frontespizio-master.pdf\">Modello copertina tesi .pdf<\/a><br><meta charset=\"utf-8\"><\/meta><a href=\"https:\/\/psfmaster.unipv.it\/wp-content\/uploads\/2022\/12\/frontespizio-master.zip\">Modello copertina tesi .docx<\/a><br><a rel=\"noreferrer noopener\" href=\"https:\/\/psfmaster.unipv.it\/wp-content\/uploads\/2019\/01\/valutazione-studente.pdf\" target=\"_blank\">Questionario di valutazione dello stage da parte dello studente\u00a0<\/a> (da consegnare con la\u00a0documentazione per l&#8217;esame finale)   <br><a rel=\"noreferrer noopener\" href=\"https:\/\/psfmaster.unipv.it\/wp-content\/uploads\/2019\/01\/Valutazione-stage-tutor.pdf\" target=\"_blank\">Questionario di valutazione dello stage da parte del\u00a0tutor\u00a0<\/a> (da consegnare con la\u00a0documentazione per l&#8217;esame finale) <\/p>\n\n\n\n<p><br><\/p>\n\n\n\n<p><br><\/p>\n\n\n\n<p>&nbsp;<\/p>\n\n\n\n<p>&nbsp;<\/p>\n\n\n\n<p>&nbsp;<\/p>\n","protected":false},"excerpt":{"rendered":"<p>KIRO KIRO \u00e8 un ambiente digitale dedicato a tutta la comunit\u00e0 accademica pavese dove vengono condivisi i materiali didattici, gestite le comunicazione e altre attivit\u00e0 a supporto della didattica.Collegamento PSF Master Modulistica per stage Ripartenza dei tirocini esterni all\u2019AteneoLinee guidaAddendum progetto formativo master (COVID-19) Modulo progetto formativo&nbsp;(ITA) Modulo&nbsp;progetto&nbsp;formativo&nbsp;(ENG) Registro presenze Fac-simile relazione finale Modulistica per &hellip; <\/p>\n<p class=\"link-more\"><a href=\"https:\/\/psfmaster.unipv.it\/index.php\/area-download\/\" class=\"more-link\">Leggi tutto<span class=\"screen-reader-text\"> &#8220;Area download&#8221;<\/span><\/a><\/p>\n","protected":false},"author":1,"featured_media":0,"parent":0,"menu_order":0,"comment_status":"closed","ping_status":"closed","template":"","meta":[],"_links":{"self":[{"href":"https:\/\/psfmaster.unipv.it\/index.php\/wp-json\/wp\/v2\/pages\/44"}],"collection":[{"href":"https:\/\/psfmaster.unipv.it\/index.php\/wp-json\/wp\/v2\/pages"}],"about":[{"href":"https:\/\/psfmaster.unipv.it\/index.php\/wp-json\/wp\/v2\/types\/page"}],"author":[{"embeddable":true,"href":"https:\/\/psfmaster.unipv.it\/index.php\/wp-json\/wp\/v2\/users\/1"}],"replies":[{"embeddable":true,"href":"https:\/\/psfmaster.unipv.it\/index.php\/wp-json\/wp\/v2\/comments?post=44"}],"version-history":[{"count":57,"href":"https:\/\/psfmaster.unipv.it\/index.php\/wp-json\/wp\/v2\/pages\/44\/revisions"}],"predecessor-version":[{"id":2074,"href":"https:\/\/psfmaster.unipv.it\/index.php\/wp-json\/wp\/v2\/pages\/44\/revisions\/2074"}],"wp:attachment":[{"href":"https:\/\/psfmaster.unipv.it\/index.php\/wp-json\/wp\/v2\/media?parent=44"}],"curies":[{"name":"wp","href":"https:\/\/api.w.org\/{rel}","templated":true}]}}