{"id":53,"date":"2019-01-09T13:26:30","date_gmt":"2019-01-09T12:26:30","guid":{"rendered":"https:\/\/psfmaster.unipv.it\/?page_id=53"},"modified":"2020-07-29T15:07:02","modified_gmt":"2020-07-29T13:07:02","slug":"medchem-lab","status":"publish","type":"page","link":"https:\/\/psfmaster.unipv.it\/index.php\/medchem-lab\/","title":{"rendered":"LabMedChem"},"content":{"rendered":"\n<p>L&#8217;attivit\u00e0 del gruppo di ricerca \u00e8 l&#8217;identificazione e la caratterizzazione di nuovi composti dotati di attivit\u00e0 biologica.  La ricerca, volta al disegno, sintesi, analisi  e caratterizzazione biologica di nuovi composti potenzialmente attivi,   si connota per un forte carattere interdisciplinare. Ad oggi sono stati preparati pi\u00f9 di 1000 composti e ne sono state studiate le propriet\u00e0 <em>drug-like<\/em>. Lo studio dell&#8217;attivit\u00e0 biologica \u00e8 effetttuato in collaborazione con diversi gruppi internazionali.<\/p>\n\n\n\n<p><a href=\"https:\/\/labmedchem.unipv.it\" target=\"_blank\" rel=\"noreferrer noopener\" aria-label=\"Per approfondire  (apre in una nuova scheda)\">Per approfondire <\/a><\/p>\n","protected":false},"excerpt":{"rendered":"<p>L&#8217;attivit\u00e0 del gruppo di ricerca \u00e8 l&#8217;identificazione e la caratterizzazione di nuovi composti dotati di attivit\u00e0 biologica. La ricerca, volta al disegno, sintesi, analisi e caratterizzazione biologica di nuovi composti potenzialmente attivi, si connota per un forte carattere interdisciplinare. Ad oggi sono stati preparati pi\u00f9 di 1000 composti e ne sono state studiate le propriet\u00e0 &hellip; <\/p>\n<p class=\"link-more\"><a href=\"https:\/\/psfmaster.unipv.it\/index.php\/medchem-lab\/\" class=\"more-link\">Leggi tutto<span class=\"screen-reader-text\"> &#8220;LabMedChem&#8221;<\/span><\/a><\/p>\n","protected":false},"author":1,"featured_media":0,"parent":0,"menu_order":0,"comment_status":"closed","ping_status":"closed","template":"","meta":[],"_links":{"self":[{"href":"https:\/\/psfmaster.unipv.it\/index.php\/wp-json\/wp\/v2\/pages\/53"}],"collection":[{"href":"https:\/\/psfmaster.unipv.it\/index.php\/wp-json\/wp\/v2\/pages"}],"about":[{"href":"https:\/\/psfmaster.unipv.it\/index.php\/wp-json\/wp\/v2\/types\/page"}],"author":[{"embeddable":true,"href":"https:\/\/psfmaster.unipv.it\/index.php\/wp-json\/wp\/v2\/users\/1"}],"replies":[{"embeddable":true,"href":"https:\/\/psfmaster.unipv.it\/index.php\/wp-json\/wp\/v2\/comments?post=53"}],"version-history":[{"count":6,"href":"https:\/\/psfmaster.unipv.it\/index.php\/wp-json\/wp\/v2\/pages\/53\/revisions"}],"predecessor-version":[{"id":800,"href":"https:\/\/psfmaster.unipv.it\/index.php\/wp-json\/wp\/v2\/pages\/53\/revisions\/800"}],"wp:attachment":[{"href":"https:\/\/psfmaster.unipv.it\/index.php\/wp-json\/wp\/v2\/media?parent=53"}],"curies":[{"name":"wp","href":"https:\/\/api.w.org\/{rel}","templated":true}]}}